{"id":10,"date":"2010-01-04T21:20:39","date_gmt":"2010-01-04T20:20:39","guid":{"rendered":"https:\/\/www.vyskovec.cz\/?page_id=10"},"modified":"2016-03-21T18:47:21","modified_gmt":"2016-03-21T17:47:21","slug":"navstevni-kniha","status":"publish","type":"page","link":"https:\/\/www.vyskovec.cz\/?page_id=10","title":{"rendered":"N\u00e1v\u0161t\u011bvn\u00ed kniha"},"content":{"rendered":"","protected":false},"excerpt":{"rendered":"","protected":false},"author":1,"featured_media":0,"parent":0,"menu_order":10,"comment_status":"closed","ping_status":"closed","template":"","meta":{"ngg_post_thumbnail":0,"footnotes":"","_expiration-date-status":"","_expiration-date":0,"_expiration-date-type":"","_expiration-date-categories":[],"_expiration-date-options":[]},"class_list":["post-10","page","type-page","status-publish","hentry"],"_links":{"self":[{"href":"https:\/\/www.vyskovec.cz\/index.php?rest_route=\/wp\/v2\/pages\/10","targetHints":{"allow":["GET"]}}],"collection":[{"href":"https:\/\/www.vyskovec.cz\/index.php?rest_route=\/wp\/v2\/pages"}],"about":[{"href":"https:\/\/www.vyskovec.cz\/index.php?rest_route=\/wp\/v2\/types\/page"}],"author":[{"embeddable":true,"href":"https:\/\/www.vyskovec.cz\/index.php?rest_route=\/wp\/v2\/users\/1"}],"replies":[{"embeddable":true,"href":"https:\/\/www.vyskovec.cz\/index.php?rest_route=%2Fwp%2Fv2%2Fcomments&post=10"}],"version-history":[{"count":1,"href":"https:\/\/www.vyskovec.cz\/index.php?rest_route=\/wp\/v2\/pages\/10\/revisions"}],"predecessor-version":[{"id":857,"href":"https:\/\/www.vyskovec.cz\/index.php?rest_route=\/wp\/v2\/pages\/10\/revisions\/857"}],"wp:attachment":[{"href":"https:\/\/www.vyskovec.cz\/index.php?rest_route=%2Fwp%2Fv2%2Fmedia&parent=10"}],"curies":[{"name":"wp","href":"https:\/\/api.w.org\/{rel}","templated":true}]}}