{"id":2478,"date":"2021-03-29T10:03:48","date_gmt":"2021-03-29T08:03:48","guid":{"rendered":"https:\/\/www.vyskovec.cz\/?page_id=2478"},"modified":"2022-01-17T15:30:07","modified_gmt":"2022-01-17T14:30:07","slug":"zadosti-o-informace","status":"publish","type":"page","link":"https:\/\/www.vyskovec.cz\/?page_id=2478","title":{"rendered":"\u017d\u00e1dosti o&nbsp;informace dle z\u00e1kona \u010d.&nbsp;106\/1999 Sb."},"content":{"rendered":"<h1 style=\"text-align: center;\">\n\t\u017d&aacute;dosti o&nbsp;poskytov&aacute;n&iacute; informac&iacute; dle z&aacute;kona \u010d.&nbsp;106\/1999 Sb., o&nbsp;svobodn&eacute;m p\u0159&iacute;stupu k&nbsp;informac&iacute;m<br \/>\n<\/h1>\n<p>\n\t&nbsp;\n<\/p>\n<p>\n\t<strong>2021<\/strong>\n<\/p>\n<p>\n\t<a href=\"https:\/\/www.vyskovec.cz\/wp-content\/uploads\/file\/2022\/1062021.pdf\" rel=\"noopener\" target=\"_self\">V&yacute;ro\u010dn&iacute; zpr&aacute;va za rok 2021 o&nbsp;poskytov&aacute;n&iacute; informac&iacute; dle z&aacute;kona \u010d.&nbsp;106\/1999 Sb., o&nbsp;svobodn&eacute;m p\u0159&iacute;stupu k&nbsp;informac&iacute;, ve zn\u011bn&iacute; pozd\u011bj&scaron;&iacute;ch p\u0159edpis\u016f (*.pdf)<\/a>\n<\/p>\n<p>\n\t<a href=\"https:\/\/www.vyskovec.cz\/wp-content\/uploads\/file\/2021\/odpoved1_2021.pdf\" rel=\"noopener\" target=\"_self\">\u017d&aacute;dost o&nbsp;poskytnut&iacute; informace a&nbsp;odpov\u011b\u010f (*.pdf)<\/a>\n<\/p>\n<p>\n\t<strong>2020<\/strong>\n<\/p>\n<p>\n\t<a href=\"https:\/\/www.vyskovec.cz\/wp-content\/uploads\/file\/2021\/1062020.pdf\" rel=\"noopener\" target=\"_self\">V&yacute;ro\u010dn&iacute; zpr&aacute;va za rok 2020 o&nbsp;poskytov&aacute;n&iacute; informac&iacute; dle z&aacute;kona \u010d.&nbsp;106\/1999 Sb., o&nbsp;svobodn&eacute;m p\u0159&iacute;stupu k&nbsp;informac&iacute;, ve zn\u011bn&iacute; pozd\u011bj&scaron;&iacute;ch p\u0159edpis\u016f (*.pdf)<\/a>\n<\/p>\n<p>\n\t<!--\n\n\n\n\n<p><a href=\"https:\/\/www.vyskovec.cz\/wp-content\/uploads\/file\/2019\/1062019_1.pdf\" target=\"_self\" rel=\"noopener\">\u017d\u00e1dost o&nbsp;poskytnut\u00ed informace a&nbsp;odpov\u011b\u010f (*.pdf)<\/a><\/p>\n\n\n\n\n-->\n<\/p>\n<p>\n\t<a href=\"https:\/\/www.vyskovec.cz\/wp-content\/uploads\/file\/1062018_1.pdf\" rel=\"noopener\" target=\"_self\">\u017d&aacute;dost o&nbsp;poskytnut&iacute; informace a&nbsp;odpov\u011b\u010f (*.pdf)<\/a>\n<\/p>\n<p>\n\t<strong>2019<\/strong>\n<\/p>\n<p>\n\t<a href=\"https:\/\/www.vyskovec.cz\/wp-content\/uploads\/file\/2020\/1062019.pdf\" rel=\"noopener\" target=\"_self\">V&yacute;ro\u010dn&iacute; zpr&aacute;va za rok 2019 o&nbsp;poskytov&aacute;n&iacute; informac&iacute; dle z&aacute;kona \u010d.&nbsp;106\/1999 Sb., o&nbsp;svobodn&eacute;m p\u0159&iacute;stupu k&nbsp;informac&iacute;, ve zn\u011bn&iacute; pozd\u011bj&scaron;&iacute;ch p\u0159edpis\u016f (*.pdf)<\/a>\n<\/p>\n<p>\n\t<strong>2018<\/strong>\n<\/p>\n<p>\n\t<strong>2017<\/strong>\n<\/p>\n<p>\n\t<a href=\"https:\/\/www.vyskovec.cz\/wp-content\/uploads\/file\/1062017.pdf\" rel=\"noopener\" target=\"_self\">V&yacute;ro\u010dn&iacute; zpr&aacute;va za rok 2017 o&nbsp;poskytov&aacute;n&iacute; informac&iacute; dle z&aacute;kona \u010d.&nbsp;106\/1999 Sb., o&nbsp;svobodn&eacute;m p\u0159&iacute;stupu k&nbsp;informac&iacute;, ve zn\u011bn&iacute; pozd\u011bj&scaron;&iacute;ch p\u0159edpis\u016f (*.pdf)<\/a>\n<\/p>\n<p>\n\t<!-- \n\n\n\n\n<p><a href=\"https:\/\/www.vyskovec.cz\/wp-content\/uploads\/file\/10613122017.pdf\" target=\"_self\" rel=\"noopener\">\u017d\u00e1dost o&nbsp;poskytnut\u00ed informace a&nbsp;odpov\u011b\u010f (*.pdf) - Roman M\u00edka<\/a><\/p>\n\n\n\n\n -->\n<\/p>\n<p>\n\t<a href=\"https:\/\/www.vyskovec.cz\/wp-content\/uploads\/file\/1062017_2.pdf\" rel=\"noopener\" target=\"_self\">\u017d&aacute;dost o&nbsp;poskytnut&iacute; informace a&nbsp;odpov\u011b\u010f (*.pdf) &#8211; REMA AOS a.s.<\/a>\n<\/p>\n<p>\n\t<a href=\"https:\/\/www.vyskovec.cz\/wp-content\/uploads\/file\/1062017_1.pdf\" rel=\"noopener\" target=\"_self\">\u017d&aacute;dost o&nbsp;poskytnut&iacute; informace (*.pdf) &#8211; Martin Ambros<\/a>\n<\/p>\n<p>\n\t<strong>2016<\/strong>\n<\/p>\n<p>\n\t<a href=\"https:\/\/www.vyskovec.cz\/wp-content\/uploads\/file\/1062016.pdf\" rel=\"noopener\" target=\"_self\">V&yacute;ro\u010dn&iacute; zpr&aacute;va za rok 2016 o&nbsp;poskytov&aacute;n&iacute; informac&iacute; dle z&aacute;kona \u010d.&nbsp;106\/1999 Sb., o&nbsp;svobodn&eacute;m p\u0159&iacute;stupu k&nbsp;informac&iacute;, ve zn\u011bn&iacute; pozd\u011bj&scaron;&iacute;ch p\u0159edpis\u016f (*.pdf)<\/a>\n<\/p>\n<p>\n\t<a href=\"https:\/\/www.vyskovec.cz\/wp-content\/uploads\/file\/istavmedia.pdf\" rel=\"noopener\" target=\"_self\">\u017d&aacute;dost o&nbsp;poskytnut&iacute; informace (*.pdf) &#8211; Istav Media<\/a>\n<\/p>\n<p>\n\t<strong>2015<\/strong>\n<\/p>\n<p>\n\t<a href=\"https:\/\/www.vyskovec.cz\/wp-content\/uploads\/file\/1062015.pdf\" rel=\"noopener\" target=\"_self\">V&yacute;ro\u010dn&iacute; zpr&aacute;va za rok 2015 o&nbsp;poskytov&aacute;n&iacute; informac&iacute; dle z&aacute;kona \u010d.&nbsp;106\/1999 Sb., o&nbsp;svobodn&eacute;m p\u0159&iacute;stupu k&nbsp;informac&iacute;, ve zn\u011bn&iacute; pozd\u011bj&scaron;&iacute;ch p\u0159edpis\u016f (*.pdf)<\/a>\n<\/p>\n<p>\n\t<strong>2014<\/strong>\n<\/p>\n<p>\n\t<a href=\"https:\/\/www.vyskovec.cz\/wp-content\/uploads\/file\/106.pdf\" rel=\"noopener\" target=\"_self\">V&yacute;ro\u010dn&iacute; zpr&aacute;va za rok 2014 o&nbsp;poskytov&aacute;n&iacute; informac&iacute; dle z&aacute;kona \u010d.&nbsp;106\/1999 Sb., o&nbsp;svobodn&eacute;m p\u0159&iacute;stupu k&nbsp;informac&iacute;, ve zn\u011bn&iacute; pozd\u011bj&scaron;&iacute;ch p\u0159edpis\u016f (*.pdf)<\/a>\n<\/p>\n<p>\n\t<a href=\"https:\/\/www.vyskovec.cz\/wp-content\/uploads\/file\/106a.pdf\" rel=\"noopener\" target=\"_self\">\u017d&aacute;dost o&nbsp;poskytnut&iacute; informace (*.pdf)<\/a>\n<\/p>\n<p>\n\t<a href=\"https:\/\/www.vyskovec.cz\/wp-content\/uploads\/file\/106b.pdf\" rel=\"noopener\" target=\"_self\">\u017d&aacute;dost o&nbsp;poskytnut&iacute; informace (*.pdf)<\/a>\n<\/p>\n<p>\n\t<a href=\"https:\/\/www.vyskovec.cz\/wp-content\/uploads\/file\/106012016.pdf\" rel=\"noopener\" target=\"_self\">\u017d&aacute;dost o&nbsp;poskytnut&iacute; informace (*.pdf)<\/a><\/p>\n","protected":false},"excerpt":{"rendered":"<p>\u017d&aacute;dosti o&nbsp;poskytov&aacute;n&iacute; informac&iacute; dle z&aacute;kona \u010d.&nbsp;106\/1999 Sb., o&nbsp;svobodn&eacute;m p\u0159&iacute;stupu k&nbsp;informac&iacute;m &nbsp; 2021 V&yacute;ro\u010dn&iacute; zpr&aacute;va za rok 2021 o&nbsp;poskytov&aacute;n&iacute; informac&iacute; dle z&aacute;kona \u010d.&nbsp;106\/1999 Sb., o&nbsp;svobodn&eacute;m p\u0159&iacute;stupu k&nbsp;informac&iacute;, ve zn\u011bn&iacute; pozd\u011bj&scaron;&iacute;ch p\u0159edpis\u016f (*.pdf) \u017d&aacute;dost o&nbsp;poskytnut&iacute; informace a&nbsp;odpov\u011b\u010f (*.pdf) 2020 V&yacute;ro\u010dn&iacute; zpr&aacute;va za<\/p>\n","protected":false},"author":2,"featured_media":0,"parent":6,"menu_order":6,"comment_status":"closed","ping_status":"closed","template":"","meta":{"ngg_post_thumbnail":0,"footnotes":"","_expiration-date-status":"","_expiration-date":0,"_expiration-date-type":"","_expiration-date-categories":[],"_expiration-date-options":[]},"class_list":["post-2478","page","type-page","status-publish","hentry"],"_links":{"self":[{"href":"https:\/\/www.vyskovec.cz\/index.php?rest_route=\/wp\/v2\/pages\/2478","targetHints":{"allow":["GET"]}}],"collection":[{"href":"https:\/\/www.vyskovec.cz\/index.php?rest_route=\/wp\/v2\/pages"}],"about":[{"href":"https:\/\/www.vyskovec.cz\/index.php?rest_route=\/wp\/v2\/types\/page"}],"author":[{"embeddable":true,"href":"https:\/\/www.vyskovec.cz\/index.php?rest_route=\/wp\/v2\/users\/2"}],"replies":[{"embeddable":true,"href":"https:\/\/www.vyskovec.cz\/index.php?rest_route=%2Fwp%2Fv2%2Fcomments&post=2478"}],"version-history":[{"count":5,"href":"https:\/\/www.vyskovec.cz\/index.php?rest_route=\/wp\/v2\/pages\/2478\/revisions"}],"predecessor-version":[{"id":2760,"href":"https:\/\/www.vyskovec.cz\/index.php?rest_route=\/wp\/v2\/pages\/2478\/revisions\/2760"}],"up":[{"embeddable":true,"href":"https:\/\/www.vyskovec.cz\/index.php?rest_route=\/wp\/v2\/pages\/6"}],"wp:attachment":[{"href":"https:\/\/www.vyskovec.cz\/index.php?rest_route=%2Fwp%2Fv2%2Fmedia&parent=2478"}],"curies":[{"name":"wp","href":"https:\/\/api.w.org\/{rel}","templated":true}]}}